{"id":816,"date":"2021-03-01T14:08:16","date_gmt":"2021-03-01T14:08:16","guid":{"rendered":"https:\/\/crypto.wordifysites.com\/?page_id=2"},"modified":"2024-08-06T07:47:41","modified_gmt":"2024-08-06T07:47:41","slug":"home","status":"publish","type":"page","link":"https:\/\/guerragomezasesores.com\/","title":{"rendered":"Inicio"},"content":{"rendered":"<section class=\"gb-container gb-container-190ba00e\">\n<div class=\"gb-container gb-container-f6578a71\">\n<div class=\"gb-container gb-container-69101d0b\">\n\n<h1 class=\"gb-headline gb-headline-d9dff7c5 gb-headline-text\">Servicios de <mark class=\"gb-highlight\">asesor\u00eda<\/mark> y <mark class=\"gb-highlight\">gesti\u00f3n<\/mark> en Burgos<\/h1>\n\n\n\n<p class=\"has-white-color has-text-color\">Asesor\u00eda fiscal, laboral, contable y mercantil para aut\u00f3nomos, sociedades y asociaciones.<\/p>\n\n\n\n<a class=\"gb-button gb-button-3463b042 gb-button-text\" href=\"https:\/\/guerragomezasesores.com\/?page_id=18\">\u00a1Contacta con nosotros!<\/a>\n\n<\/div>\n\n<div class=\"gb-container gb-container-54106995\">\n\n<figure class=\"wp-block-image size-full\"><img loading=\"lazy\" decoding=\"async\" width=\"305\" height=\"215\" src=\"https:\/\/guerragomezasesores.com\/wp-content\/uploads\/2024\/08\/Logo-Guerra-Gomez.png\" alt=\"\" class=\"wp-image-993\" style=\"object-fit:cover\" srcset=\"https:\/\/guerragomezasesores.com\/wp-content\/uploads\/2024\/08\/Logo-Guerra-Gomez.png 305w, https:\/\/guerragomezasesores.com\/wp-content\/uploads\/2024\/08\/Logo-Guerra-Gomez-300x211.png 300w\" sizes=\"auto, (max-width: 305px) 100vw, 305px\" \/><\/figure>\n\n<\/div>\n<\/div>\n<\/section>\n\n<section class=\"gb-container gb-container-55d4cd77\">\n<div class=\"gb-container gb-container-f28c7978\">\n<div class=\"gb-container gb-container-c9350f98\">\n\n<figure class=\"wp-block-image size-large is-resized\"><img loading=\"lazy\" decoding=\"async\" width=\"1024\" height=\"1024\" src=\"https:\/\/guerragomezasesores.com\/wp-content\/uploads\/2024\/08\/ilustracion-concepto-consultoria-estrategica-1024x1024.png\" alt=\"\" class=\"wp-image-1080\" style=\"aspect-ratio:1.0103359173126616;object-fit:contain;width:483px;height:auto\" srcset=\"https:\/\/guerragomezasesores.com\/wp-content\/uploads\/2024\/08\/ilustracion-concepto-consultoria-estrategica-1024x1024.png 1024w, https:\/\/guerragomezasesores.com\/wp-content\/uploads\/2024\/08\/ilustracion-concepto-consultoria-estrategica-300x300.png 300w, https:\/\/guerragomezasesores.com\/wp-content\/uploads\/2024\/08\/ilustracion-concepto-consultoria-estrategica-150x150.png 150w, https:\/\/guerragomezasesores.com\/wp-content\/uploads\/2024\/08\/ilustracion-concepto-consultoria-estrategica-768x768.png 768w, https:\/\/guerragomezasesores.com\/wp-content\/uploads\/2024\/08\/ilustracion-concepto-consultoria-estrategica-1536x1536.png 1536w, https:\/\/guerragomezasesores.com\/wp-content\/uploads\/2024\/08\/ilustracion-concepto-consultoria-estrategica.png 2000w\" sizes=\"auto, (max-width: 1024px) 100vw, 1024px\" \/><\/figure>\n\n<\/div>\n\n<div class=\"gb-container gb-container-f21d1fb4\">\n\n<h2 class=\"gb-headline gb-headline-5f1ad306 gb-headline-text\">Fiscal y contable<\/h2>\n\n\n\n<p>Te ayudamos a administrar tu dinero de forma m\u00e1s efectiva y pagar menos impuestos cumpliendo la normativa vigente. <\/p>\n\n\n\n<p class=\"gb-headline gb-headline-5290989b\"><span class=\"gb-icon\"><svg aria-hidden=\"true\" role=\"img\" height=\"1em\" width=\"1em\" viewBox=\"0 0 256 512\" xmlns=\"http:\/\/www.w3.org\/2000\/svg\"><path fill=\"currentColor\" d=\"M224.3 273l-136 136c-9.4 9.4-24.6 9.4-33.9 0l-22.6-22.6c-9.4-9.4-9.4-24.6 0-33.9l96.4-96.4-96.4-96.4c-9.4-9.4-9.4-24.6 0-33.9L54.3 103c9.4-9.4 24.6-9.4 33.9 0l136 136c9.5 9.4 9.5 24.6.1 34z\"><\/path><\/svg><\/span><span class=\"gb-headline-text\">Asesoramiento tributario para la planificaci\u00f3n fiscal y optimizaci\u00f3n de impuestos.<\/span><\/p>\n\n\n\n<p class=\"gb-headline gb-headline-aa1085cc\"><span class=\"gb-icon\"><svg aria-hidden=\"true\" role=\"img\" height=\"1em\" width=\"1em\" viewBox=\"0 0 256 512\" xmlns=\"http:\/\/www.w3.org\/2000\/svg\"><path fill=\"currentColor\" d=\"M224.3 273l-136 136c-9.4 9.4-24.6 9.4-33.9 0l-22.6-22.6c-9.4-9.4-9.4-24.6 0-33.9l96.4-96.4-96.4-96.4c-9.4-9.4-9.4-24.6 0-33.9L54.3 103c9.4-9.4 24.6-9.4 33.9 0l136 136c9.5 9.4 9.5 24.6.1 34z\"><\/path><\/svg><\/span><span class=\"gb-headline-text\">Servicios de contabilidad y presentaci\u00f3n de impuestos.<\/span><\/p>\n\n\n\n<p class=\"gb-headline gb-headline-97dfa280\"><span class=\"gb-icon\"><svg aria-hidden=\"true\" role=\"img\" height=\"1em\" width=\"1em\" viewBox=\"0 0 256 512\" xmlns=\"http:\/\/www.w3.org\/2000\/svg\"><path fill=\"currentColor\" d=\"M224.3 273l-136 136c-9.4 9.4-24.6 9.4-33.9 0l-22.6-22.6c-9.4-9.4-9.4-24.6 0-33.9l96.4-96.4-96.4-96.4c-9.4-9.4-9.4-24.6 0-33.9L54.3 103c9.4-9.4 24.6-9.4 33.9 0l136 136c9.5 9.4 9.5 24.6.1 34z\"><\/path><\/svg><\/span><span class=\"gb-headline-text\">Informaci\u00f3n sobre cambios fiscales y resoluci\u00f3n de problemas con la administraci\u00f3n tributaria.<\/span><\/p>\n\n\n\n<a class=\"gb-button gb-button-41979ba3 gb-button-text\" href=\"https:\/\/guerragomezasesores.com\/?page_id=18\">\u00a1Me interesa!<\/a>\n\n<\/div>\n<\/div>\n<\/section>\n\n<section class=\"gb-container gb-container-8a45a45f\">\n<div class=\"gb-container gb-container-ad4503f9\">\n<div class=\"gb-container gb-container-c0c76b75\">\n\n<h2 class=\"gb-headline gb-headline-aff0c1a7 gb-headline-text\">Laboral<\/h2>\n\n\n\n<p>Te ofrecemos orientaci\u00f3n y apoyo en cuestiones relacionadas con el derecho laboral, como contratos, n\u00f3minas, despidos y cumplimiento de normativas laborales.<\/p>\n\n\n\n<p class=\"gb-headline gb-headline-748c900f\"><span class=\"gb-icon\"><svg aria-hidden=\"true\" role=\"img\" height=\"1em\" width=\"1em\" viewBox=\"0 0 256 512\" xmlns=\"http:\/\/www.w3.org\/2000\/svg\"><path fill=\"currentColor\" d=\"M224.3 273l-136 136c-9.4 9.4-24.6 9.4-33.9 0l-22.6-22.6c-9.4-9.4-9.4-24.6 0-33.9l96.4-96.4-96.4-96.4c-9.4-9.4-9.4-24.6 0-33.9L54.3 103c9.4-9.4 24.6-9.4 33.9 0l136 136c9.5 9.4 9.5 24.6.1 34z\"><\/path><\/svg><\/span><span class=\"gb-headline-text\">C\u00e1lculo y elaboraci\u00f3n de <strong>n\u00f3minas<\/strong> mensuales para empleados.<\/span><\/p>\n\n\n\n<p class=\"gb-headline gb-headline-837c7ce4\"><span class=\"gb-icon\"><svg aria-hidden=\"true\" role=\"img\" height=\"1em\" width=\"1em\" viewBox=\"0 0 256 512\" xmlns=\"http:\/\/www.w3.org\/2000\/svg\"><path fill=\"currentColor\" d=\"M224.3 273l-136 136c-9.4 9.4-24.6 9.4-33.9 0l-22.6-22.6c-9.4-9.4-9.4-24.6 0-33.9l96.4-96.4-96.4-96.4c-9.4-9.4-9.4-24.6 0-33.9L54.3 103c9.4-9.4 24.6-9.4 33.9 0l136 136c9.5 9.4 9.5 24.6.1 34z\"><\/path><\/svg><\/span><span class=\"gb-headline-text\">Asesoramiento en procesos de <strong>contrataci\u00f3n<\/strong> y <strong>despido<\/strong><\/span><\/p>\n\n\n\n<p class=\"gb-headline gb-headline-98e3d2b9\"><span class=\"gb-icon\"><svg aria-hidden=\"true\" role=\"img\" height=\"1em\" width=\"1em\" viewBox=\"0 0 256 512\" xmlns=\"http:\/\/www.w3.org\/2000\/svg\"><path fill=\"currentColor\" d=\"M224.3 273l-136 136c-9.4 9.4-24.6 9.4-33.9 0l-22.6-22.6c-9.4-9.4-9.4-24.6 0-33.9l96.4-96.4-96.4-96.4c-9.4-9.4-9.4-24.6 0-33.9L54.3 103c9.4-9.4 24.6-9.4 33.9 0l136 136c9.5 9.4 9.5 24.6.1 34z\"><\/path><\/svg><\/span><span class=\"gb-headline-text\">Aseguramiento del <strong>cumplimiento de leyes laborales<\/strong> vigentes.<\/span><\/p>\n\n\n\n<a class=\"gb-button gb-button-e50fa64c gb-button-text\" href=\"https:\/\/guerragomezasesores.com\/?page_id=18\">\u00bfTe ayudamos?<\/a>\n\n<\/div>\n\n<div class=\"gb-container gb-container-a09b2f0a\">\n\n<figure class=\"wp-block-image size-full is-resized\"><img loading=\"lazy\" decoding=\"async\" width=\"2000\" height=\"2000\" src=\"https:\/\/guerragomezasesores.com\/wp-content\/uploads\/2024\/08\/gente-hablando-ilustracion-concepto-1.png\" alt=\"\" class=\"wp-image-1084\" style=\"aspect-ratio:1.0148148148148148;object-fit:contain;width:482px;height:auto\" srcset=\"https:\/\/guerragomezasesores.com\/wp-content\/uploads\/2024\/08\/gente-hablando-ilustracion-concepto-1.png 2000w, https:\/\/guerragomezasesores.com\/wp-content\/uploads\/2024\/08\/gente-hablando-ilustracion-concepto-1-300x300.png 300w, https:\/\/guerragomezasesores.com\/wp-content\/uploads\/2024\/08\/gente-hablando-ilustracion-concepto-1-1024x1024.png 1024w, https:\/\/guerragomezasesores.com\/wp-content\/uploads\/2024\/08\/gente-hablando-ilustracion-concepto-1-150x150.png 150w, https:\/\/guerragomezasesores.com\/wp-content\/uploads\/2024\/08\/gente-hablando-ilustracion-concepto-1-768x768.png 768w, https:\/\/guerragomezasesores.com\/wp-content\/uploads\/2024\/08\/gente-hablando-ilustracion-concepto-1-1536x1536.png 1536w\" sizes=\"auto, (max-width: 2000px) 100vw, 2000px\" \/><\/figure>\n\n<\/div>\n<\/div>\n<\/section>\n\n<section class=\"gb-container gb-container-fdbd6300\">\n<div class=\"gb-container gb-container-61b4c52e\">\n<div class=\"gb-container gb-container-f4da3e40\">\n\n<figure class=\"wp-block-image size-large is-resized\"><img loading=\"lazy\" decoding=\"async\" width=\"1024\" height=\"1024\" src=\"https:\/\/guerragomezasesores.com\/wp-content\/uploads\/2024\/08\/ilustracion-concepto-asociacion-1-1024x1024.png\" alt=\"\" class=\"wp-image-1086\" style=\"aspect-ratio:1.0103359173126616;object-fit:contain;width:512px;height:auto\" srcset=\"https:\/\/guerragomezasesores.com\/wp-content\/uploads\/2024\/08\/ilustracion-concepto-asociacion-1-1024x1024.png 1024w, https:\/\/guerragomezasesores.com\/wp-content\/uploads\/2024\/08\/ilustracion-concepto-asociacion-1-300x300.png 300w, https:\/\/guerragomezasesores.com\/wp-content\/uploads\/2024\/08\/ilustracion-concepto-asociacion-1-150x150.png 150w, https:\/\/guerragomezasesores.com\/wp-content\/uploads\/2024\/08\/ilustracion-concepto-asociacion-1-768x768.png 768w, https:\/\/guerragomezasesores.com\/wp-content\/uploads\/2024\/08\/ilustracion-concepto-asociacion-1-1536x1536.png 1536w, https:\/\/guerragomezasesores.com\/wp-content\/uploads\/2024\/08\/ilustracion-concepto-asociacion-1.png 2000w\" sizes=\"auto, (max-width: 1024px) 100vw, 1024px\" \/><\/figure>\n\n<\/div>\n\n<div class=\"gb-container gb-container-b22cd8e8\">\n\n<h2 class=\"gb-headline gb-headline-022c4e57 gb-headline-text\">Mercantil<\/h2>\n\n\n\n<p>Te orientamos en temas relacionados con la constituci\u00f3n, funcionamiento, operaciones y cumplimiento normativo.<\/p>\n\n\n\n<p class=\"gb-headline gb-headline-bc4ec292\"><span class=\"gb-icon\"><svg aria-hidden=\"true\" role=\"img\" height=\"1em\" width=\"1em\" viewBox=\"0 0 256 512\" xmlns=\"http:\/\/www.w3.org\/2000\/svg\"><path fill=\"currentColor\" d=\"M224.3 273l-136 136c-9.4 9.4-24.6 9.4-33.9 0l-22.6-22.6c-9.4-9.4-9.4-24.6 0-33.9l96.4-96.4-96.4-96.4c-9.4-9.4-9.4-24.6 0-33.9L54.3 103c9.4-9.4 24.6-9.4 33.9 0l136 136c9.5 9.4 9.5 24.6.1 34z\"><\/path><\/svg><\/span><span class=\"gb-headline-text\">Tramitaci\u00f3n de <strong>herencias<\/strong> y <strong>testamentos<\/strong><\/span><\/p>\n\n\n\n<p class=\"gb-headline gb-headline-d21d350f\"><span class=\"gb-icon\"><svg aria-hidden=\"true\" role=\"img\" height=\"1em\" width=\"1em\" viewBox=\"0 0 256 512\" xmlns=\"http:\/\/www.w3.org\/2000\/svg\"><path fill=\"currentColor\" d=\"M224.3 273l-136 136c-9.4 9.4-24.6 9.4-33.9 0l-22.6-22.6c-9.4-9.4-9.4-24.6 0-33.9l96.4-96.4-96.4-96.4c-9.4-9.4-9.4-24.6 0-33.9L54.3 103c9.4-9.4 24.6-9.4 33.9 0l136 136c9.5 9.4 9.5 24.6.1 34z\"><\/path><\/svg><\/span><span class=\"gb-headline-text\">Gesti\u00f3n de <strong>ayudas y subvenciones<\/strong><\/span><\/p>\n\n\n\n<p class=\"gb-headline gb-headline-6f540b68\"><span class=\"gb-icon\"><svg aria-hidden=\"true\" role=\"img\" height=\"1em\" width=\"1em\" viewBox=\"0 0 256 512\" xmlns=\"http:\/\/www.w3.org\/2000\/svg\"><path fill=\"currentColor\" d=\"M224.3 273l-136 136c-9.4 9.4-24.6 9.4-33.9 0l-22.6-22.6c-9.4-9.4-9.4-24.6 0-33.9l96.4-96.4-96.4-96.4c-9.4-9.4-9.4-24.6 0-33.9L54.3 103c9.4-9.4 24.6-9.4 33.9 0l136 136c9.5 9.4 9.5 24.6.1 34z\"><\/path><\/svg><\/span><span class=\"gb-headline-text\">Tr\u00e1mites diversos para <strong>asociaciones<\/strong><\/span><\/p>\n\n\n\n<p class=\"gb-headline gb-headline-82f45c65\"><span class=\"gb-icon\"><svg aria-hidden=\"true\" role=\"img\" height=\"1em\" width=\"1em\" viewBox=\"0 0 256 512\" xmlns=\"http:\/\/www.w3.org\/2000\/svg\"><path fill=\"currentColor\" d=\"M224.3 273l-136 136c-9.4 9.4-24.6 9.4-33.9 0l-22.6-22.6c-9.4-9.4-9.4-24.6 0-33.9l96.4-96.4-96.4-96.4c-9.4-9.4-9.4-24.6 0-33.9L54.3 103c9.4-9.4 24.6-9.4 33.9 0l136 136c9.5 9.4 9.5 24.6.1 34z\"><\/path><\/svg><\/span><span class=\"gb-headline-text\"><strong>Administraci\u00f3n de fincas<\/strong> para comunidades de vecinos<\/span><\/p>\n\n\n\n<a class=\"gb-button gb-button-7dd2c04e gb-button-text\" href=\"https:\/\/guerragomezasesores.com\/?page_id=18\">\u00a1Lo necesito!<\/a>\n\n<\/div>\n<\/div>\n<\/section>","protected":false},"excerpt":{"rendered":"<p>Servicios de asesor\u00eda y gesti\u00f3n en Burgos Asesor\u00eda fiscal, laboral, contable y mercantil para aut\u00f3nomos, sociedades y asociaciones. Fiscal y contable Te ayudamos a administrar tu dinero de forma m\u00e1s efectiva y pagar menos impuestos cumpliendo la normativa vigente. Asesoramiento tributario para la planificaci\u00f3n fiscal y optimizaci\u00f3n de impuestos. Servicios de contabilidad y presentaci\u00f3n de &#8230; <\/p>\n<p class=\"read-more-container\"><a title=\"Inicio\" class=\"read-more button\" href=\"https:\/\/guerragomezasesores.com\/#more-816\" aria-label=\"Leer m\u00e1s sobre Inicio\">Leer m\u00e1s<\/a><\/p>\n","protected":false},"author":1,"featured_media":0,"parent":0,"menu_order":0,"comment_status":"closed","ping_status":"closed","template":"","meta":{"footnotes":""},"class_list":["post-816","page","type-page","status-publish"],"yoast_head":"<!-- This site is optimized with the Yoast SEO plugin v25.8 - https:\/\/yoast.com\/wordpress\/plugins\/seo\/ -->\n<title>Inicio - Guerra G\u00f3mez Asesores<\/title>\n<meta name=\"robots\" content=\"index, follow, max-snippet:-1, max-image-preview:large, max-video-preview:-1\" \/>\n<link rel=\"canonical\" href=\"https:\/\/guerragomezasesores.com\/\" \/>\n<meta property=\"og:locale\" content=\"es_ES\" \/>\n<meta property=\"og:type\" content=\"article\" \/>\n<meta property=\"og:title\" content=\"Inicio - Guerra G\u00f3mez Asesores\" \/>\n<meta property=\"og:description\" content=\"Servicios de asesor\u00eda y gesti\u00f3n en Burgos Asesor\u00eda fiscal, laboral, contable y mercantil para aut\u00f3nomos, sociedades y asociaciones. Fiscal y contable Te ayudamos a administrar tu dinero de forma m\u00e1s efectiva y pagar menos impuestos cumpliendo la normativa vigente. Asesoramiento tributario para la planificaci\u00f3n fiscal y optimizaci\u00f3n de impuestos. Servicios de contabilidad y presentaci\u00f3n de ... Leer m\u00e1s\" \/>\n<meta property=\"og:url\" content=\"https:\/\/guerragomezasesores.com\/\" \/>\n<meta property=\"og:site_name\" content=\"Guerra G\u00f3mez Asesores\" \/>\n<meta property=\"article:modified_time\" content=\"2024-08-06T07:47:41+00:00\" \/>\n<meta property=\"og:image\" content=\"https:\/\/guerragomezasesores.com\/wp-content\/uploads\/2024\/08\/Logo-Guerra-Gomez.png\" \/>\n\t<meta property=\"og:image:width\" content=\"305\" \/>\n\t<meta property=\"og:image:height\" content=\"215\" \/>\n\t<meta property=\"og:image:type\" content=\"image\/png\" \/>\n<meta name=\"twitter:card\" content=\"summary_large_image\" \/>\n<meta name=\"twitter:label1\" content=\"Tiempo de lectura\" \/>\n\t<meta name=\"twitter:data1\" content=\"1 minuto\" \/>\n<script type=\"application\/ld+json\" class=\"yoast-schema-graph\">{\"@context\":\"https:\/\/schema.org\",\"@graph\":[{\"@type\":\"WebPage\",\"@id\":\"https:\/\/guerragomezasesores.com\/\",\"url\":\"https:\/\/guerragomezasesores.com\/\",\"name\":\"Inicio - Guerra G\u00f3mez Asesores\",\"isPartOf\":{\"@id\":\"https:\/\/guerragomezasesores.com\/#website\"},\"primaryImageOfPage\":{\"@id\":\"https:\/\/guerragomezasesores.com\/#primaryimage\"},\"image\":{\"@id\":\"https:\/\/guerragomezasesores.com\/#primaryimage\"},\"thumbnailUrl\":\"https:\/\/guerragomezasesores.com\/wp-content\/uploads\/2024\/08\/Logo-Guerra-Gomez.png\",\"datePublished\":\"2021-03-01T14:08:16+00:00\",\"dateModified\":\"2024-08-06T07:47:41+00:00\",\"breadcrumb\":{\"@id\":\"https:\/\/guerragomezasesores.com\/#breadcrumb\"},\"inLanguage\":\"es\",\"potentialAction\":[{\"@type\":\"ReadAction\",\"target\":[\"https:\/\/guerragomezasesores.com\/\"]}]},{\"@type\":\"ImageObject\",\"inLanguage\":\"es\",\"@id\":\"https:\/\/guerragomezasesores.com\/#primaryimage\",\"url\":\"https:\/\/guerragomezasesores.com\/wp-content\/uploads\/2024\/08\/Logo-Guerra-Gomez.png\",\"contentUrl\":\"https:\/\/guerragomezasesores.com\/wp-content\/uploads\/2024\/08\/Logo-Guerra-Gomez.png\",\"width\":305,\"height\":215},{\"@type\":\"BreadcrumbList\",\"@id\":\"https:\/\/guerragomezasesores.com\/#breadcrumb\",\"itemListElement\":[{\"@type\":\"ListItem\",\"position\":1,\"name\":\"Portada\",\"item\":\"https:\/\/guerragomezasesores.com\/\"},{\"@type\":\"ListItem\",\"position\":2,\"name\":\"Inicio\"}]},{\"@type\":\"WebSite\",\"@id\":\"https:\/\/guerragomezasesores.com\/#website\",\"url\":\"https:\/\/guerragomezasesores.com\/\",\"name\":\"Guerra G\u00f3mez Asesores\",\"description\":\"Asesor\u00eda y gesti\u00f3n en Burgos\",\"publisher\":{\"@id\":\"https:\/\/guerragomezasesores.com\/#organization\"},\"potentialAction\":[{\"@type\":\"SearchAction\",\"target\":{\"@type\":\"EntryPoint\",\"urlTemplate\":\"https:\/\/guerragomezasesores.com\/?s={search_term_string}\"},\"query-input\":{\"@type\":\"PropertyValueSpecification\",\"valueRequired\":true,\"valueName\":\"search_term_string\"}}],\"inLanguage\":\"es\"},{\"@type\":\"Organization\",\"@id\":\"https:\/\/guerragomezasesores.com\/#organization\",\"name\":\"Guerra G\u00f3mez Asesores\",\"url\":\"https:\/\/guerragomezasesores.com\/\",\"logo\":{\"@type\":\"ImageObject\",\"inLanguage\":\"es\",\"@id\":\"https:\/\/guerragomezasesores.com\/#\/schema\/logo\/image\/\",\"url\":\"https:\/\/guerragomezasesores.com\/wp-content\/uploads\/2024\/08\/Logo-guerra-2.png\",\"contentUrl\":\"https:\/\/guerragomezasesores.com\/wp-content\/uploads\/2024\/08\/Logo-guerra-2.png\",\"width\":876,\"height\":215,\"caption\":\"Guerra G\u00f3mez Asesores\"},\"image\":{\"@id\":\"https:\/\/guerragomezasesores.com\/#\/schema\/logo\/image\/\"}}]}<\/script>\n<!-- \/ Yoast SEO plugin. -->","yoast_head_json":{"title":"Inicio - Guerra G\u00f3mez Asesores","robots":{"index":"index","follow":"follow","max-snippet":"max-snippet:-1","max-image-preview":"max-image-preview:large","max-video-preview":"max-video-preview:-1"},"canonical":"https:\/\/guerragomezasesores.com\/","og_locale":"es_ES","og_type":"article","og_title":"Inicio - Guerra G\u00f3mez Asesores","og_description":"Servicios de asesor\u00eda y gesti\u00f3n en Burgos Asesor\u00eda fiscal, laboral, contable y mercantil para aut\u00f3nomos, sociedades y asociaciones. Fiscal y contable Te ayudamos a administrar tu dinero de forma m\u00e1s efectiva y pagar menos impuestos cumpliendo la normativa vigente. Asesoramiento tributario para la planificaci\u00f3n fiscal y optimizaci\u00f3n de impuestos. Servicios de contabilidad y presentaci\u00f3n de ... Leer m\u00e1s","og_url":"https:\/\/guerragomezasesores.com\/","og_site_name":"Guerra G\u00f3mez Asesores","article_modified_time":"2024-08-06T07:47:41+00:00","og_image":[{"width":305,"height":215,"url":"https:\/\/guerragomezasesores.com\/wp-content\/uploads\/2024\/08\/Logo-Guerra-Gomez.png","type":"image\/png"}],"twitter_card":"summary_large_image","twitter_misc":{"Tiempo de lectura":"1 minuto"},"schema":{"@context":"https:\/\/schema.org","@graph":[{"@type":"WebPage","@id":"https:\/\/guerragomezasesores.com\/","url":"https:\/\/guerragomezasesores.com\/","name":"Inicio - Guerra G\u00f3mez Asesores","isPartOf":{"@id":"https:\/\/guerragomezasesores.com\/#website"},"primaryImageOfPage":{"@id":"https:\/\/guerragomezasesores.com\/#primaryimage"},"image":{"@id":"https:\/\/guerragomezasesores.com\/#primaryimage"},"thumbnailUrl":"https:\/\/guerragomezasesores.com\/wp-content\/uploads\/2024\/08\/Logo-Guerra-Gomez.png","datePublished":"2021-03-01T14:08:16+00:00","dateModified":"2024-08-06T07:47:41+00:00","breadcrumb":{"@id":"https:\/\/guerragomezasesores.com\/#breadcrumb"},"inLanguage":"es","potentialAction":[{"@type":"ReadAction","target":["https:\/\/guerragomezasesores.com\/"]}]},{"@type":"ImageObject","inLanguage":"es","@id":"https:\/\/guerragomezasesores.com\/#primaryimage","url":"https:\/\/guerragomezasesores.com\/wp-content\/uploads\/2024\/08\/Logo-Guerra-Gomez.png","contentUrl":"https:\/\/guerragomezasesores.com\/wp-content\/uploads\/2024\/08\/Logo-Guerra-Gomez.png","width":305,"height":215},{"@type":"BreadcrumbList","@id":"https:\/\/guerragomezasesores.com\/#breadcrumb","itemListElement":[{"@type":"ListItem","position":1,"name":"Portada","item":"https:\/\/guerragomezasesores.com\/"},{"@type":"ListItem","position":2,"name":"Inicio"}]},{"@type":"WebSite","@id":"https:\/\/guerragomezasesores.com\/#website","url":"https:\/\/guerragomezasesores.com\/","name":"Guerra G\u00f3mez Asesores","description":"Asesor\u00eda y gesti\u00f3n en Burgos","publisher":{"@id":"https:\/\/guerragomezasesores.com\/#organization"},"potentialAction":[{"@type":"SearchAction","target":{"@type":"EntryPoint","urlTemplate":"https:\/\/guerragomezasesores.com\/?s={search_term_string}"},"query-input":{"@type":"PropertyValueSpecification","valueRequired":true,"valueName":"search_term_string"}}],"inLanguage":"es"},{"@type":"Organization","@id":"https:\/\/guerragomezasesores.com\/#organization","name":"Guerra G\u00f3mez Asesores","url":"https:\/\/guerragomezasesores.com\/","logo":{"@type":"ImageObject","inLanguage":"es","@id":"https:\/\/guerragomezasesores.com\/#\/schema\/logo\/image\/","url":"https:\/\/guerragomezasesores.com\/wp-content\/uploads\/2024\/08\/Logo-guerra-2.png","contentUrl":"https:\/\/guerragomezasesores.com\/wp-content\/uploads\/2024\/08\/Logo-guerra-2.png","width":876,"height":215,"caption":"Guerra G\u00f3mez Asesores"},"image":{"@id":"https:\/\/guerragomezasesores.com\/#\/schema\/logo\/image\/"}}]}},"_links":{"self":[{"href":"https:\/\/guerragomezasesores.com\/index.php?rest_route=\/wp\/v2\/pages\/816","targetHints":{"allow":["GET"]}}],"collection":[{"href":"https:\/\/guerragomezasesores.com\/index.php?rest_route=\/wp\/v2\/pages"}],"about":[{"href":"https:\/\/guerragomezasesores.com\/index.php?rest_route=\/wp\/v2\/types\/page"}],"author":[{"embeddable":true,"href":"https:\/\/guerragomezasesores.com\/index.php?rest_route=\/wp\/v2\/users\/1"}],"replies":[{"embeddable":true,"href":"https:\/\/guerragomezasesores.com\/index.php?rest_route=%2Fwp%2Fv2%2Fcomments&post=816"}],"version-history":[{"count":23,"href":"https:\/\/guerragomezasesores.com\/index.php?rest_route=\/wp\/v2\/pages\/816\/revisions"}],"predecessor-version":[{"id":1187,"href":"https:\/\/guerragomezasesores.com\/index.php?rest_route=\/wp\/v2\/pages\/816\/revisions\/1187"}],"wp:attachment":[{"href":"https:\/\/guerragomezasesores.com\/index.php?rest_route=%2Fwp%2Fv2%2Fmedia&parent=816"}],"curies":[{"name":"wp","href":"https:\/\/api.w.org\/{rel}","templated":true}]}}