{"id":1069,"date":"2024-03-01T14:21:59","date_gmt":"2024-03-01T14:21:59","guid":{"rendered":"https:\/\/guerragomezasesores.com\/?page_id=1069"},"modified":"2024-08-05T09:31:54","modified_gmt":"2024-08-05T09:31:54","slug":"1069-2","status":"publish","type":"page","link":"https:\/\/guerragomezasesores.com\/?page_id=1069","title":{"rendered":"Resoluci\u00f3n de consultas"},"content":{"rendered":"<section class=\"gb-container gb-container-dd1b946c\">\n<div class=\"gb-container gb-container-9d1e7be5\">\n<div class=\"gb-container gb-container-47af95e9\">\n\n<p class=\"gb-headline gb-headline-ea2e0591 gb-headline-text\"><\/p>\n\n\n\n<div class=\"wp-block-contact-form-7-contact-form-selector\">\n<div class=\"wpcf7 no-js\" id=\"wpcf7-f1065-o1\" lang=\"es-ES\" dir=\"ltr\" data-wpcf7-id=\"1065\">\n<div class=\"screen-reader-response\"><p role=\"status\" aria-live=\"polite\" aria-atomic=\"true\"><\/p> <ul><\/ul><\/div>\n<form action=\"\/index.php?rest_route=%2Fwp%2Fv2%2Fpages%2F1069#wpcf7-f1065-o1\" method=\"post\" class=\"wpcf7-form init\" aria-label=\"Formulario de contacto\" novalidate=\"novalidate\" data-status=\"init\">\n<fieldset class=\"hidden-fields-container\"><input type=\"hidden\" name=\"_wpcf7\" value=\"1065\" \/><input type=\"hidden\" name=\"_wpcf7_version\" value=\"6.1.1\" \/><input type=\"hidden\" name=\"_wpcf7_locale\" value=\"es_ES\" \/><input type=\"hidden\" name=\"_wpcf7_unit_tag\" value=\"wpcf7-f1065-o1\" \/><input type=\"hidden\" name=\"_wpcf7_container_post\" value=\"0\" \/><input type=\"hidden\" name=\"_wpcf7_posted_data_hash\" value=\"\" \/>\n<\/fieldset>\n<p><label> Tu nombre<br \/>\n<span class=\"wpcf7-form-control-wrap\" data-name=\"your-name\"><input size=\"40\" maxlength=\"400\" class=\"wpcf7-form-control wpcf7-text wpcf7-validates-as-required\" autocomplete=\"name\" aria-required=\"true\" aria-invalid=\"false\" value=\"\" type=\"text\" name=\"your-name\" \/><\/span> <\/label>\n<\/p>\n<p><label> Tu correo electr\u00f3nico<br \/>\n<span class=\"wpcf7-form-control-wrap\" data-name=\"your-email\"><input size=\"40\" maxlength=\"400\" class=\"wpcf7-form-control wpcf7-email wpcf7-validates-as-required wpcf7-text wpcf7-validates-as-email\" autocomplete=\"email\" aria-required=\"true\" aria-invalid=\"false\" value=\"\" type=\"email\" name=\"your-email\" \/><\/span> <\/label>\n<\/p>\n<p><label> Asunto<br \/>\n<span class=\"wpcf7-form-control-wrap\" data-name=\"your-subject\"><input size=\"40\" maxlength=\"400\" class=\"wpcf7-form-control wpcf7-text wpcf7-validates-as-required\" aria-required=\"true\" aria-invalid=\"false\" value=\"\" type=\"text\" name=\"your-subject\" \/><\/span> <\/label>\n<\/p>\n<p><label> \u00bfEn qu\u00e9 podemos ayudarte? (opcional)<br \/>\n<span class=\"wpcf7-form-control-wrap\" data-name=\"your-message\"><textarea cols=\"40\" rows=\"10\" maxlength=\"2000\" class=\"wpcf7-form-control wpcf7-textarea\" aria-invalid=\"false\" name=\"your-message\"><\/textarea><\/span> <\/label>\n<\/p>\n<p><input class=\"wpcf7-form-control wpcf7-submit has-spinner\" type=\"submit\" value=\"Enviar\" \/>\n<\/p><div class=\"wpcf7-response-output\" aria-hidden=\"true\"><\/div>\n<\/form>\n<\/div>\n<\/div>\n\n<\/div>\n\n<div class=\"gb-container gb-container-339217fc\">\n\n<h2 class=\"gb-headline gb-headline-d9e4988a\"><span class=\"gb-icon\"><svg viewBox=\"0 0 80 42\" xmlns=\"http:\/\/www.w3.org\/2000\/svg\" data-name=\"subtract\"><path d=\"M0 20.06h80v1.87H0z\"><\/path><\/svg><\/span><span class=\"gb-headline-text\">\u00bfCu\u00e1l es tu consulta?<\/span><\/h2>\n\n<\/div>\n<\/div>\n<\/section>","protected":false},"excerpt":{"rendered":"<p>\u00bfCu\u00e1l es tu consulta?<\/p>\n","protected":false},"author":1,"featured_media":0,"parent":0,"menu_order":0,"comment_status":"closed","ping_status":"closed","template":"","meta":{"footnotes":""},"class_list":["post-1069","page","type-page","status-publish"],"yoast_head":"<!-- This site is optimized with the Yoast SEO plugin v25.8 - https:\/\/yoast.com\/wordpress\/plugins\/seo\/ -->\n<title>Resoluci\u00f3n de consultas - Guerra G\u00f3mez Asesores<\/title>\n<meta name=\"robots\" content=\"index, follow, max-snippet:-1, max-image-preview:large, max-video-preview:-1\" \/>\n<link rel=\"canonical\" href=\"https:\/\/guerragomezasesores.com\/?page_id=1069\" \/>\n<meta property=\"og:locale\" content=\"es_ES\" \/>\n<meta property=\"og:type\" content=\"article\" \/>\n<meta property=\"og:title\" content=\"Resoluci\u00f3n de consultas - Guerra G\u00f3mez Asesores\" \/>\n<meta property=\"og:description\" content=\"\u00bfCu\u00e1l es tu consulta?\" \/>\n<meta property=\"og:url\" content=\"https:\/\/guerragomezasesores.com\/?page_id=1069\" \/>\n<meta property=\"og:site_name\" content=\"Guerra G\u00f3mez Asesores\" \/>\n<meta property=\"article:modified_time\" content=\"2024-08-05T09:31:54+00:00\" \/>\n<meta name=\"twitter:card\" content=\"summary_large_image\" \/>\n<script type=\"application\/ld+json\" class=\"yoast-schema-graph\">{\"@context\":\"https:\/\/schema.org\",\"@graph\":[{\"@type\":\"WebPage\",\"@id\":\"https:\/\/guerragomezasesores.com\/?page_id=1069\",\"url\":\"https:\/\/guerragomezasesores.com\/?page_id=1069\",\"name\":\"Resoluci\u00f3n de consultas - Guerra G\u00f3mez Asesores\",\"isPartOf\":{\"@id\":\"https:\/\/guerragomezasesores.com\/#website\"},\"datePublished\":\"2024-03-01T14:21:59+00:00\",\"dateModified\":\"2024-08-05T09:31:54+00:00\",\"breadcrumb\":{\"@id\":\"https:\/\/guerragomezasesores.com\/?page_id=1069#breadcrumb\"},\"inLanguage\":\"es\",\"potentialAction\":[{\"@type\":\"ReadAction\",\"target\":[\"https:\/\/guerragomezasesores.com\/?page_id=1069\"]}]},{\"@type\":\"BreadcrumbList\",\"@id\":\"https:\/\/guerragomezasesores.com\/?page_id=1069#breadcrumb\",\"itemListElement\":[{\"@type\":\"ListItem\",\"position\":1,\"name\":\"Portada\",\"item\":\"https:\/\/guerragomezasesores.com\/\"},{\"@type\":\"ListItem\",\"position\":2,\"name\":\"Resoluci\u00f3n de consultas\"}]},{\"@type\":\"WebSite\",\"@id\":\"https:\/\/guerragomezasesores.com\/#website\",\"url\":\"https:\/\/guerragomezasesores.com\/\",\"name\":\"Guerra G\u00f3mez Asesores\",\"description\":\"Asesor\u00eda y gesti\u00f3n en Burgos\",\"publisher\":{\"@id\":\"https:\/\/guerragomezasesores.com\/#organization\"},\"potentialAction\":[{\"@type\":\"SearchAction\",\"target\":{\"@type\":\"EntryPoint\",\"urlTemplate\":\"https:\/\/guerragomezasesores.com\/?s={search_term_string}\"},\"query-input\":{\"@type\":\"PropertyValueSpecification\",\"valueRequired\":true,\"valueName\":\"search_term_string\"}}],\"inLanguage\":\"es\"},{\"@type\":\"Organization\",\"@id\":\"https:\/\/guerragomezasesores.com\/#organization\",\"name\":\"Guerra G\u00f3mez Asesores\",\"url\":\"https:\/\/guerragomezasesores.com\/\",\"logo\":{\"@type\":\"ImageObject\",\"inLanguage\":\"es\",\"@id\":\"https:\/\/guerragomezasesores.com\/#\/schema\/logo\/image\/\",\"url\":\"https:\/\/guerragomezasesores.com\/wp-content\/uploads\/2024\/08\/Logo-guerra-2.png\",\"contentUrl\":\"https:\/\/guerragomezasesores.com\/wp-content\/uploads\/2024\/08\/Logo-guerra-2.png\",\"width\":876,\"height\":215,\"caption\":\"Guerra G\u00f3mez Asesores\"},\"image\":{\"@id\":\"https:\/\/guerragomezasesores.com\/#\/schema\/logo\/image\/\"}}]}<\/script>\n<!-- \/ Yoast SEO plugin. -->","yoast_head_json":{"title":"Resoluci\u00f3n de consultas - Guerra G\u00f3mez Asesores","robots":{"index":"index","follow":"follow","max-snippet":"max-snippet:-1","max-image-preview":"max-image-preview:large","max-video-preview":"max-video-preview:-1"},"canonical":"https:\/\/guerragomezasesores.com\/?page_id=1069","og_locale":"es_ES","og_type":"article","og_title":"Resoluci\u00f3n de consultas - Guerra G\u00f3mez Asesores","og_description":"\u00bfCu\u00e1l es tu consulta?","og_url":"https:\/\/guerragomezasesores.com\/?page_id=1069","og_site_name":"Guerra G\u00f3mez Asesores","article_modified_time":"2024-08-05T09:31:54+00:00","twitter_card":"summary_large_image","schema":{"@context":"https:\/\/schema.org","@graph":[{"@type":"WebPage","@id":"https:\/\/guerragomezasesores.com\/?page_id=1069","url":"https:\/\/guerragomezasesores.com\/?page_id=1069","name":"Resoluci\u00f3n de consultas - Guerra G\u00f3mez Asesores","isPartOf":{"@id":"https:\/\/guerragomezasesores.com\/#website"},"datePublished":"2024-03-01T14:21:59+00:00","dateModified":"2024-08-05T09:31:54+00:00","breadcrumb":{"@id":"https:\/\/guerragomezasesores.com\/?page_id=1069#breadcrumb"},"inLanguage":"es","potentialAction":[{"@type":"ReadAction","target":["https:\/\/guerragomezasesores.com\/?page_id=1069"]}]},{"@type":"BreadcrumbList","@id":"https:\/\/guerragomezasesores.com\/?page_id=1069#breadcrumb","itemListElement":[{"@type":"ListItem","position":1,"name":"Portada","item":"https:\/\/guerragomezasesores.com\/"},{"@type":"ListItem","position":2,"name":"Resoluci\u00f3n de consultas"}]},{"@type":"WebSite","@id":"https:\/\/guerragomezasesores.com\/#website","url":"https:\/\/guerragomezasesores.com\/","name":"Guerra G\u00f3mez Asesores","description":"Asesor\u00eda y gesti\u00f3n en Burgos","publisher":{"@id":"https:\/\/guerragomezasesores.com\/#organization"},"potentialAction":[{"@type":"SearchAction","target":{"@type":"EntryPoint","urlTemplate":"https:\/\/guerragomezasesores.com\/?s={search_term_string}"},"query-input":{"@type":"PropertyValueSpecification","valueRequired":true,"valueName":"search_term_string"}}],"inLanguage":"es"},{"@type":"Organization","@id":"https:\/\/guerragomezasesores.com\/#organization","name":"Guerra G\u00f3mez Asesores","url":"https:\/\/guerragomezasesores.com\/","logo":{"@type":"ImageObject","inLanguage":"es","@id":"https:\/\/guerragomezasesores.com\/#\/schema\/logo\/image\/","url":"https:\/\/guerragomezasesores.com\/wp-content\/uploads\/2024\/08\/Logo-guerra-2.png","contentUrl":"https:\/\/guerragomezasesores.com\/wp-content\/uploads\/2024\/08\/Logo-guerra-2.png","width":876,"height":215,"caption":"Guerra G\u00f3mez Asesores"},"image":{"@id":"https:\/\/guerragomezasesores.com\/#\/schema\/logo\/image\/"}}]}},"_links":{"self":[{"href":"https:\/\/guerragomezasesores.com\/index.php?rest_route=\/wp\/v2\/pages\/1069","targetHints":{"allow":["GET"]}}],"collection":[{"href":"https:\/\/guerragomezasesores.com\/index.php?rest_route=\/wp\/v2\/pages"}],"about":[{"href":"https:\/\/guerragomezasesores.com\/index.php?rest_route=\/wp\/v2\/types\/page"}],"author":[{"embeddable":true,"href":"https:\/\/guerragomezasesores.com\/index.php?rest_route=\/wp\/v2\/users\/1"}],"replies":[{"embeddable":true,"href":"https:\/\/guerragomezasesores.com\/index.php?rest_route=%2Fwp%2Fv2%2Fcomments&post=1069"}],"version-history":[{"count":4,"href":"https:\/\/guerragomezasesores.com\/index.php?rest_route=\/wp\/v2\/pages\/1069\/revisions"}],"predecessor-version":[{"id":1135,"href":"https:\/\/guerragomezasesores.com\/index.php?rest_route=\/wp\/v2\/pages\/1069\/revisions\/1135"}],"wp:attachment":[{"href":"https:\/\/guerragomezasesores.com\/index.php?rest_route=%2Fwp%2Fv2%2Fmedia&parent=1069"}],"curies":[{"name":"wp","href":"https:\/\/api.w.org\/{rel}","templated":true}]}}